{"id":1076,"date":"2025-12-18T18:29:41","date_gmt":"2025-12-18T17:29:41","guid":{"rendered":"https:\/\/ingeniot.uclm.es\/openthinktank\/?page_id=1076"},"modified":"2026-01-27T17:11:41","modified_gmt":"2026-01-27T16:11:41","slug":"ingenio26-about","status":"publish","type":"page","link":"https:\/\/ingeniot.uclm.es\/openthinktank\/index.php\/ingenio26-about\/","title":{"rendered":"ingenio26-about"},"content":{"rendered":"\n<figure class=\"wp-block-image\"><img loading=\"lazy\" decoding=\"async\" width=\"2560\" height=\"549\" src=\"https:\/\/ingeniot.uclm.es\/openthinktank\/wp-content\/uploads\/2026\/01\/ingenio26-scaled.png\" alt=\"\" class=\"wp-image-1216\" srcset=\"https:\/\/ingeniot.uclm.es\/openthinktank\/wp-content\/uploads\/2026\/01\/ingenio26-scaled.png 2560w, https:\/\/ingeniot.uclm.es\/openthinktank\/wp-content\/uploads\/2026\/01\/ingenio26-300x64.png 300w, https:\/\/ingeniot.uclm.es\/openthinktank\/wp-content\/uploads\/2026\/01\/ingenio26-1024x220.png 1024w, https:\/\/ingeniot.uclm.es\/openthinktank\/wp-content\/uploads\/2026\/01\/ingenio26-768x165.png 768w, https:\/\/ingeniot.uclm.es\/openthinktank\/wp-content\/uploads\/2026\/01\/ingenio26-1536x329.png 1536w, https:\/\/ingeniot.uclm.es\/openthinktank\/wp-content\/uploads\/2026\/01\/ingenio26-2048x439.png 2048w\" sizes=\"auto, (max-width: 2560px) 100vw, 2560px\" \/><\/figure>\n\n\n\n\n<div id=\"mega-menu-wrap-max_mega_menu_1\" class=\"mega-menu-wrap\"><div class=\"mega-menu-toggle\"><div class=\"mega-toggle-blocks-left\"><\/div><div class=\"mega-toggle-blocks-center\"><\/div><div class=\"mega-toggle-blocks-right\"><div class='mega-toggle-block mega-menu-toggle-animated-block mega-toggle-block-0' id='mega-toggle-block-0'><button aria-label=\"Toggle Menu\" class=\"mega-toggle-animated mega-toggle-animated-slider\" type=\"button\" aria-haspopup=\"true\" aria-expanded=\"false\" aria-controls=\"mega-menu-max_mega_menu_1\">\n                  <span class=\"mega-toggle-animated-box\">\n                    <span class=\"mega-toggle-animated-inner\"><\/span>\n                  <\/span>\n                <\/button><\/div><\/div><\/div><ul id=\"mega-menu-max_mega_menu_1\" class=\"mega-menu max-mega-menu mega-menu-horizontal mega-no-js\" data-event=\"hover_intent\" data-effect=\"fade_up\" data-effect-speed=\"200\" data-effect-mobile=\"slide_right\" data-effect-speed-mobile=\"200\" data-mobile-force-width=\"false\" data-second-click=\"go\" data-document-click=\"collapse\" data-vertical-behaviour=\"standard\" data-breakpoint=\"768\" data-unbind=\"true\" data-mobile-state=\"collapse_all\" data-mobile-direction=\"vertical\" data-hover-intent-timeout=\"300\" data-hover-intent-interval=\"100\"><li class=\"mega-menu-item mega-menu-item-type-post_type mega-menu-item-object-page mega-align-bottom-left mega-menu-flyout mega-menu-item-1057\" id=\"mega-menu-item-1057\"><a class=\"mega-menu-link\" href=\"https:\/\/ingeniot.uclm.es\/openthinktank\/index.php\/ingenio26\/\">INGENIO26<\/a><\/li><li class=\"mega-menu-item mega-menu-item-type-post_type mega-menu-item-object-page mega-align-bottom-left mega-menu-flyout mega-menu-item-1077\" id=\"mega-menu-item-1077\"><a class=\"mega-menu-link\" href=\"https:\/\/ingeniot.uclm.es\/openthinktank\/index.php\/ingenio26-about\/\">About<\/a><\/li><li class=\"mega-menu-item mega-menu-item-type-post_type mega-menu-item-object-page mega-align-bottom-left mega-menu-flyout mega-menu-item-1063\" id=\"mega-menu-item-1063\"><a class=\"mega-menu-link\" href=\"https:\/\/ingeniot.uclm.es\/openthinktank\/index.php\/ingenio26-authors\/\">Authors<\/a><\/li><li class=\"mega-menu-item mega-menu-item-type-post_type mega-menu-item-object-page mega-align-bottom-left mega-menu-flyout mega-menu-item-1068\" id=\"mega-menu-item-1068\"><a class=\"mega-menu-link\" href=\"https:\/\/ingeniot.uclm.es\/openthinktank\/index.php\/ingenio26-venue\/\">Venue<\/a><\/li><li class=\"mega-menu-item mega-menu-item-type-post_type mega-menu-item-object-page mega-align-bottom-left mega-menu-flyout mega-menu-item-1074\" id=\"mega-menu-item-1074\"><a class=\"mega-menu-link\" href=\"https:\/\/ingeniot.uclm.es\/openthinktank\/index.php\/ingenio26-submit\/\">Submit<\/a><\/li><li class=\"mega-menu-item mega-menu-item-type-post_type mega-menu-item-object-page mega-align-bottom-left mega-menu-flyout mega-menu-item-1071\" id=\"mega-menu-item-1071\"><a class=\"mega-menu-link\" href=\"https:\/\/ingeniot.uclm.es\/openthinktank\/index.php\/ingenio26-contact\/\">Contact<\/a><\/li><\/ul><button aria-controls=\"mega-menu-max_mega_menu_1\" aria-label=\"Close\" class='mega-close'><\/button><\/div>\n\n\n\n\n<p><\/p>\n\n\n\n<p>The conference invites submissions on a wide range of topics, organized into four central themes:<\/p>\n\n\n\n<p><strong>Theme 1: Power System Stability Analysis &amp; Control<\/strong><\/p>\n\n\n\n<ul class=\"wp-block-list\">\n<li>Dynamic Performance Modeling &amp; Electromagnetic Transient Simulation<\/li>\n\n\n\n<li>Grid Forming Control, Virtual Synchronous Machines &amp; Inertia Support<\/li>\n\n\n\n<li>Inverter Small Signal Stability &amp; Wide Area Measurement Systems<\/li>\n\n\n\n<li>Damping Control of Low-Frequency Oscillations<\/li>\n\n\n\n<li>Resilience Analysis against Extreme Weather &amp; Cyber Attacks<\/li>\n\n\n\n<li>AI Driven Dynamic Security Assessment &amp; Cyber Physical Resilience<\/li>\n\n\n\n<li>HVDC &amp; FACTS for Power System Stability Enhancement<\/li>\n<\/ul>\n\n\n\n<p><strong>Theme 2: Integrated Energy Systems Optimization &amp; Operation<\/strong><\/p>\n\n\n\n<ul class=\"wp-block-list\">\n<li>Multi Energy Coupling Mechanisms &amp; Unified Power Flow Analysis<\/li>\n\n\n\n<li>Energy Hub Modeling &amp; Multi Time Scale Optimization Strategies<\/li>\n\n\n\n<li>Carbon Emission Flow, Carbon Trading &amp; Virtual Power Plants<\/li>\n\n\n\n<li>Green Hydrogen Production, Power to Gas &amp; Carbon Capture Integration<\/li>\n\n\n\n<li>Integrated System Planning, Reliability Assessment &amp; Hosting Capacity<\/li>\n\n\n\n<li>Digital Twin, IoT Integration &amp; Building Energy Management AI<\/li>\n\n\n\n<li>Industrial Waste Heat Recovery &amp; Circular Economy Optimization<\/li>\n\n\n\n<li>Computing Power Network Synergy, Data Center Integration &amp; Workload Co-optimization<\/li>\n<\/ul>\n\n\n\n<p><strong>Theme 3: Smart Distribution Networks &amp; Fault Diagnostics<\/strong><\/p>\n\n\n\n<ul class=\"wp-block-list\">\n<li>Active Distribution Network Planning &amp; Operation<\/li>\n\n\n\n<li>Fault Location, Isolation, and Service Restoration<\/li>\n\n\n\n<li>Volt\/VAR Optimization &amp; Control Strategies<\/li>\n\n\n\n<li>High-Impedance Fault Detection &amp; Localization<\/li>\n\n\n\n<li>Data-Driven Fault Diagnosis &amp; Predictive Maintenance<\/li>\n\n\n\n<li>Microgrid Energy Management &amp; Islanding Operation<\/li>\n\n\n\n<li>Power Quality Analysis &amp; Harmonic Mitigation<\/li>\n\n\n\n<li>AC\/DC Hybrid Distribution Networks<\/li>\n<\/ul>\n\n\n\n<p><strong>Theme 4: Fusion of Power &amp; Transportation Systems<\/strong><\/p>\n\n\n\n<ul class=\"wp-block-list\">\n<li>Electric Vehicle (EV) Grid Integration (V2G, G2V)<\/li>\n\n\n\n<li>Co-Optimization of Power &amp; Traffic Networks<\/li>\n\n\n\n<li>Electrification of High-Speed Railways &amp; Traction Supply<\/li>\n\n\n\n<li>Energy Efficient Operation of Urban Rail &amp; Metro Systems<\/li>\n\n\n\n<li>Smart Charging Infrastructure for Electric Logistics Fleets<\/li>\n\n\n\n<li>Wireless Power Transfer for Highway Transportation<\/li>\n\n\n\n<li>Mobile Energy Storage &amp; Battery Swapping Stations<\/li>\n\n\n\n<li>Resilience of Interdependent Power-Transport Systems<\/li>\n<\/ul>\n\n\n\n<p><\/p>\n\n\n\n<p>We welcome papers on these and related topics.<\/p>\n\n\n\n<p><\/p>\n\n\n\n<p class=\"has-x-large-font-size\"><strong>Board Members<\/strong><\/p>\n\n\n\n<h4 class=\"wp-block-heading\">Organizers<\/h4>\n\n\n\n<ul class=\"wp-block-list\">\n<li>Shenyang University of Technology, Liaoning, China<\/li>\n\n\n\n<li>Ingenium Interdisciplinary Open Think-thank (<a href=\"https:\/\/ingeniot.uclm.es\/openthinktank\">https:\/\/ingeniot.uclm.es\/openthinktank<\/a>)<\/li>\n<\/ul>\n\n\n\n<h4 class=\"wp-block-heading\">General Chairs<\/h4>\n\n\n\n<ul class=\"wp-block-list\">\n<li>Dr. Fausto Pedro Garcia Marquez, University of Castilla\u2013La Mancha, Spain<\/li>\n\n\n\n<li>Dr. Mingchao Xia, Shenyang University of Technology, China<\/li>\n\n\n\n<li>Dr. Haixin Wang, Shenyang University of Technology, China<\/li>\n\n\n\n<li>Dr. Junyou Yang, Shenyang University of Technology, China<\/li>\n\n\n\n<li>Dr. Qifang Chen, Beijing Jiaotong University, China<\/li>\n<\/ul>\n\n\n\n<h4 class=\"wp-block-heading\">Technical Program Chairs<\/h4>\n\n\n\n<ul class=\"wp-block-list\">\n<li>Dr. Sampath Jayalath, University of Cape Town, South Africa<\/li>\n\n\n\n<li>Dr. Komla Agbenyo Folly, University of Cape Town, South Africa<\/li>\n\n\n\n<li>Dr. Yuxian Zhang, <a>Shenyang University of Technology, China<\/a><\/li>\n\n\n\n<li>Dr. Qianhao Sun, Beijing Jiaotong University, China<\/li>\n\n\n\n<li>Dr. Yubin Wang, Beijing Jiaotong University, <a>China<\/a><\/li>\n\n\n\n<li>Rui Jing, Xiamen University, China<\/li>\n\n\n\n<li>Donglin Li, Shenyang University of Technology, China<\/li>\n<\/ul>\n\n\n\n<h4 class=\"wp-block-heading\">Publication And Publicity Chairs<\/h4>\n\n\n\n<ul class=\"wp-block-list\">\n<li>Dr. Gen Li, North China Electric Power University, China<\/li>\n\n\n\n<li>Dr. Yue Zhou, Tianjin University, China<\/li>\n\n\n\n<li>Dr. Yunlu Li, Shenyang University of Technology, China<\/li>\n\n\n\n<li>Dr. Yiming Ma, Shenyang University of Technology, China<\/li>\n\n\n\n<li>Dr. Jiawei Feng, Shenyang University of Technology, China<\/li>\n\n\n\n<li><a>Dr.<\/a> Yannan Dong, Shenyang Agricultural University<a>, China<\/a><\/li>\n\n\n\n<li>Dr. Yanzhan Li, Xuchang University, China<\/li>\n\n\n\n<li>Dr. Chao Long, University of Liverpool, Liverpool, United Kingdom<\/li>\n\n\n\n<li>Dr. Xiandong Xu, Tianjin University, China<\/li>\n\n\n\n<li>Dr. Ning Yan, Shenyang University of Technology, China<\/li>\n\n\n\n<li>Dr. Donghui Zhao, Shenyang University of Technology<a>, China<\/a><\/li>\n\n\n\n<li>Dr. Donglai Wang, <a>Shenyang Institute of Engineering, China<\/a><\/li>\n\n\n\n<li>Dr. Shanshan Cheng, Shenyang Institute of Engineering, China,<\/li>\n<\/ul>\n\n\n\n<h4 class=\"wp-block-heading\">Organizing Committee<\/h4>\n\n\n\n<ul class=\"wp-block-list\">\n<li>Dr. Faezeh Soleimani, Ball State University, USA<\/li>\n\n\n\n<li>Dr. Jinglu Liu, Shenyang University of Technology, China<\/li>\n\n\n\n<li>Dr. Jonathan Browning, Queen&#8217;s University Belfast, UK<\/li>\n\n\n\n<li>Dr. Tao Niu, Chongqing University, China<\/li>\n<\/ul>\n\n\n\n<h4 class=\"wp-block-heading\">Registration Committee<\/h4>\n\n\n\n<ul class=\"wp-block-list\">\n<li>Dr. &nbsp;Ziyan Ren, Shenyang University of Technology, China<\/li>\n\n\n\n<li>Dr. &nbsp;Jia Cui, Shenyang University of Technology, China<\/li>\n\n\n\n<li>Dr. &nbsp;Yang Liu, Shenyang University of Technology, China<\/li>\n<\/ul>\n\n\n\n<h4 class=\"wp-block-heading\">Technical Program Committee<\/h4>\n\n\n\n<ul class=\"wp-block-list\">\n<li>Dr. &nbsp;Junjie Hu, North China Electric Power University, China<\/li>\n\n\n\n<li>Dr. &nbsp;Hui Lu, China Electric Power Research Institute, China<\/li>\n\n\n\n<li>Dr. &nbsp;Shengyang Lu, State Grid Liaoning Electric Power Co., Ltd. Electric Power Science Research Institute, China<\/li>\n\n\n\n<li>Dr. &nbsp;Zuoxia Xing, Shenyang University of Technology, China<\/li>\n\n\n\n<li>Dr. &nbsp;Yuan Li, Shenyang University of Technology, China<\/li>\n\n\n\n<li>Dr. &nbsp;Yuling Liang, Shenyang University of Technology, China<\/li>\n\n\n\n<li>Dr. Alfredo Peinado Gonzalo, University of Castilla-La Mancha, Spain<\/li>\n\n\n\n<li>Dr. Bharat Bhushan, Sharda University, India.<\/li>\n\n\n\n<li>Dr. David Yeregui Marcos, University of Leon, Spain<\/li>\n\n\n\n<li>Dr. Faezeh Soleimani, Ball State University, USA<\/li>\n\n\n\n<li>Dr. Hsi-Ming Ho, University Of Sussex, UK<\/li>\n\n\n\n<li>Dr. Isaac Segovia Ram\u00edrez, University of Autonomous of Madrid, Spain<\/li>\n\n\n\n<li>Dr. Kiran Sood, Chitkara University, India<\/li>\n\n\n\n<li>Dr. Lu Bai, Queen\u2019s University Belfast, UK<\/li>\n\n\n\n<li>Dr. Mar\u00eda del Valle Fern\u00e1ndez Moreno, University of Castilla-La Mancha, Spain<\/li>\n\n\n\n<li>Dr. Muhammad Abdul Basit, Montana Technological University, Butte Montana, USA.<\/li>\n\n\n\n<li>Dr. Pasquale Ardimento, Universit\u00e0 Degli Studi Di Bari, Itlay<\/li>\n\n\n\n<li>Dr. Syed Attique Shah,Birmingham City University, UK<\/li>\n\n\n\n<li>Dr. Tianle Zhang, University of Exeter, UK<\/li>\n\n\n\n<li>Dr. Wadhah Zeyad Tareq, Istinye University, Turkiye<\/li>\n\n\n\n<li>Dr. Yao Lu, Lancaster University, UK<\/li>\n\n\n\n<li>Dr. <a>Yasser Ismail<\/a>, Southern University and A&amp;M College, USA<\/li>\n\n\n\n<li>Dr. Muhammad Hashim National Textile University Pakistan<\/li>\n\n\n\n<li>Dr. Hema Chandhrabose B.S.Abdur Rahman Crescent Institute of Science and Technology India<\/li>\n\n\n\n<li>Dr. Dr Arun Lal Srivastav &#8220;CHITKARA UNIVERSITY H.P.&#8221; India<\/li>\n\n\n\n<li>Dr. PAMPA SINHA &#8220;KIIT Univerity Odisha India&#8221; India<\/li>\n\n\n\n<li>Dr. Mariela Cerrada Universidad Estatal de Milagro Ecuador<\/li>\n\n\n\n<li>Dr. RENE VINICIO SANCHEZ LOJA 103409587 Ecuador<\/li>\n\n\n\n<li>Dr. Dan Doru Micu &#8220;Technical University of Cluj-Napoca Romania&#8221; Romania<\/li>\n\n\n\n<li>Dr. Rafael V\u00e1squez Universidad Pontificia Bolivariana Colombia<\/li>\n\n\n\n<li>Dr. EDGAR ESTUPINAN Universidad de Tarapac\u00e1 Chile<\/li>\n\n\n\n<li>Dr. Jiawei Feng Shenyang University of Technology China<\/li>\n\n\n\n<li>Dr. jianwei liu Shenyang University of Technology China<\/li>\n\n\n\n<li>Dr. Yiming Ma Shenyang University of Technology China<\/li>\n\n\n\n<li>Dr. Zheng Fei Shenyang University of Technology China<\/li>\n\n\n\n<li>Dr. Yanzhen Li Xuchang University China<\/li>\n\n\n\n<li>Dr. Ning Yan Shenyang University of Technology China<\/li>\n\n\n\n<li>Dr. peng zhang shenyang university of technology China<\/li>\n\n\n\n<li>Dr. Yannan Dong Shenyang Agricultural University China<\/li>\n\n\n\n<li>Dr. Mengyang Wang Shenyang university of technology China<\/li>\n\n\n\n<li>Dr. weimin Zhang Shenyang University of Technology China<\/li>\n\n\n\n<li>Dr. Jes\u00fas Mar\u00eda Pinar P\u00e9rez CUNEF Universidad Spain<\/li>\n\n\n\n<li>Dr. Ramesh Devarapalli ICT Mumbai-IOC Odisha Campus India<\/li>\n\n\n\n<li>Dr. Hasmat Malik Universiti Teknologi Malaysia. Malaysia<\/li>\n\n\n\n<li>Dr. Daniel Almeida Correa UCLM Ecuador<\/li>\n\n\n\n<li>Dr. Monica Huerta Universidad Estatal del Milagro Ecuador<\/li>\n\n\n\n<li>Dr. Dr Muthu manokar A, SRM TRP Engineering College India<\/li>\n\n\n\n<li>Dr. Diego Cabrera South China University of Technology China<\/li>\n\n\n\n<li>Dr. Abhishek Kumar Chandigarh University India<\/li>\n\n\n\n<li>Dr. Ashutosh Kumar Dubey &#8220;Chitkara University Himachal Pradesh&#8221; India<\/li>\n\n\n\n<li>Dr. Dr. Bishwajit Dey Manipal University Jaipur India<\/li>\n\n\n\n<li>Dr. Bikramaditya Das &#8220;Biju Patnaik University of Technology (BPUT) Chhend Colony Rourkela Odisha-769015&#8221; India<\/li>\n\n\n\n<li>Dr. Zhiyu Jiang Engineering Sciences Norway<\/li>\n\n\n\n<li>Dr. Carlos Quiterio G\u00f3mez Mu\u00f1oz Universidad Aut\u00f3noma de Madrid Spain<\/li>\n\n\n\n<li>Dr. Junyou Yang Shenyang University of Technology China<\/li>\n\n\n\n<li>Dr. Junyou Yang Shenyang University of Technology China<\/li>\n\n\n\n<li>Dr. Alfredo Peinado Gonzalo Universidad Europea de Valencia Spain<\/li>\n\n\n\n<li>Dr. Moses Chukwuka Okonkwo Zhejiang University Nigeria<\/li>\n\n\n\n<li>Dr. Long Dr University of Manchester United Kingdom (UK)<\/li>\n\n\n\n<li>Dr. Haixin Wang Shenyang University of Technology China<\/li>\n\n\n\n<li>Dr. Fausto Pedro Garcia Marquez ff Spain<\/li>\n<\/ul>\n","protected":false},"excerpt":{"rendered":"<p>The conference invites submissions on a wide range of topics, organized into four central themes: Theme 1: Power System Stability [&hellip;]<\/p>\n","protected":false},"author":1,"featured_media":0,"parent":0,"menu_order":0,"comment_status":"closed","ping_status":"closed","template":"","meta":{"footnotes":""},"class_list":["post-1076","page","type-page","status-publish","hentry"],"_links":{"self":[{"href":"https:\/\/ingeniot.uclm.es\/openthinktank\/index.php\/wp-json\/wp\/v2\/pages\/1076","targetHints":{"allow":["GET"]}}],"collection":[{"href":"https:\/\/ingeniot.uclm.es\/openthinktank\/index.php\/wp-json\/wp\/v2\/pages"}],"about":[{"href":"https:\/\/ingeniot.uclm.es\/openthinktank\/index.php\/wp-json\/wp\/v2\/types\/page"}],"author":[{"embeddable":true,"href":"https:\/\/ingeniot.uclm.es\/openthinktank\/index.php\/wp-json\/wp\/v2\/users\/1"}],"replies":[{"embeddable":true,"href":"https:\/\/ingeniot.uclm.es\/openthinktank\/index.php\/wp-json\/wp\/v2\/comments?post=1076"}],"version-history":[{"count":15,"href":"https:\/\/ingeniot.uclm.es\/openthinktank\/index.php\/wp-json\/wp\/v2\/pages\/1076\/revisions"}],"predecessor-version":[{"id":1255,"href":"https:\/\/ingeniot.uclm.es\/openthinktank\/index.php\/wp-json\/wp\/v2\/pages\/1076\/revisions\/1255"}],"wp:attachment":[{"href":"https:\/\/ingeniot.uclm.es\/openthinktank\/index.php\/wp-json\/wp\/v2\/media?parent=1076"}],"curies":[{"name":"wp","href":"https:\/\/api.w.org\/{rel}","templated":true}]}}